{"id":143,"date":"2024-11-08T20:54:38","date_gmt":"2024-11-08T19:54:38","guid":{"rendered":"https:\/\/digitalisation.c-come.fr\/?page_id=143"},"modified":"2024-12-03T11:58:36","modified_gmt":"2024-12-03T10:58:36","slug":"contact","status":"publish","type":"page","link":"https:\/\/romainarnault.fr\/site\/contact\/","title":{"rendered":"Contact"},"content":{"rendered":"\t\t<div data-elementor-type=\"wp-page\" data-elementor-id=\"143\" class=\"elementor elementor-143\" data-elementor-post-type=\"page\">\n\t\t\t\t<div class=\"elementor-element elementor-element-360a7b3d e-con-full e-flex e-con e-parent\" data-id=\"360a7b3d\" data-element_type=\"container\" data-settings=\"{&quot;background_background&quot;:&quot;gradient&quot;,&quot;background_motion_fx_translateX_effect&quot;:&quot;yes&quot;,&quot;background_motion_fx_translateX_speed&quot;:{&quot;unit&quot;:&quot;px&quot;,&quot;size&quot;:6.5,&quot;sizes&quot;:[]},&quot;background_motion_fx_translateX_affectedRange&quot;:{&quot;unit&quot;:&quot;%&quot;,&quot;size&quot;:&quot;&quot;,&quot;sizes&quot;:{&quot;start&quot;:0,&quot;end&quot;:100}},&quot;background_motion_fx_devices&quot;:[&quot;desktop&quot;,&quot;laptop&quot;,&quot;tablet&quot;,&quot;mobile&quot;]}\">\n\t\t<div class=\"elementor-element elementor-element-276dc8f7 e-flex e-con-boxed elementor-invisible e-con e-child\" data-id=\"276dc8f7\" data-element_type=\"container\" data-settings=\"{&quot;animation&quot;:&quot;slideInUp&quot;,&quot;animation_delay&quot;:150}\">\n\t\t\t\t\t<div class=\"e-con-inner\">\n\t\t\t\t<div class=\"elementor-element elementor-element-41f370c elementor-widget elementor-widget-heading\" data-id=\"41f370c\" data-element_type=\"widget\" data-widget_type=\"heading.default\">\n\t\t\t\t<div class=\"elementor-widget-container\">\n\t\t\t\t\t<h1 class=\"elementor-heading-title elementor-size-default\">Discutons de vos projets<\/h1>\t\t\t\t<\/div>\n\t\t\t\t<\/div>\n\t\t\t\t\t<\/div>\n\t\t\t\t<\/div>\n\t\t\t\t<\/div>\n\t\t<div class=\"elementor-element elementor-element-78e8b6db e-con-full e-flex e-con e-parent\" data-id=\"78e8b6db\" data-element_type=\"container\">\n\t\t<div class=\"elementor-element elementor-element-2a7bf987 e-con-full e-flex e-con e-child\" data-id=\"2a7bf987\" data-element_type=\"container\">\n\t\t\t\t<div class=\"elementor-element elementor-element-59bf68c7 elementor-button-align-stretch elementor-widget elementor-widget-form\" data-id=\"59bf68c7\" data-element_type=\"widget\" data-settings=\"{&quot;step_next_label&quot;:&quot;Next&quot;,&quot;step_previous_label&quot;:&quot;Previous&quot;,&quot;button_width&quot;:&quot;100&quot;,&quot;step_type&quot;:&quot;number_text&quot;,&quot;step_icon_shape&quot;:&quot;circle&quot;}\" data-widget_type=\"form.default\">\n\t\t\t\t<div class=\"elementor-widget-container\">\n\t\t\t\t\t\t\t<form class=\"elementor-form\" method=\"post\" name=\"Formulaire de contact\" aria-label=\"Formulaire de contact\">\n\t\t\t<input type=\"hidden\" name=\"post_id\" value=\"143\"\/>\n\t\t\t<input type=\"hidden\" name=\"form_id\" value=\"59bf68c7\"\/>\n\t\t\t<input type=\"hidden\" name=\"referer_title\" value=\"Contact - Digitalisation autour de l&#039;humain\" \/>\n\n\t\t\t\t\t\t\t<input type=\"hidden\" name=\"queried_id\" value=\"143\"\/>\n\t\t\t\n\t\t\t<div class=\"elementor-form-fields-wrapper elementor-labels-above\">\n\t\t\t\t\t\t\t\t<div class=\"elementor-field-type-text elementor-field-group elementor-column elementor-field-group-name elementor-col-50 elementor-field-required\">\n\t\t\t\t\t\t\t\t\t\t\t\t\t<input size=\"1\" type=\"text\" name=\"form_fields[name]\" id=\"form-field-name\" class=\"elementor-field elementor-size-md  elementor-field-textual\" placeholder=\"Nom\" required=\"required\">\n\t\t\t\t\t\t\t\t\t\t\t<\/div>\n\t\t\t\t\t\t\t\t<div class=\"elementor-field-type-text elementor-field-group elementor-column elementor-field-group-field_ddd8a8f elementor-col-50 elementor-field-required\">\n\t\t\t\t\t\t\t\t\t\t\t\t\t<input size=\"1\" type=\"text\" name=\"form_fields[field_ddd8a8f]\" id=\"form-field-field_ddd8a8f\" class=\"elementor-field elementor-size-md  elementor-field-textual\" placeholder=\"Pr\u00e9nom\" required=\"required\">\n\t\t\t\t\t\t\t\t\t\t\t<\/div>\n\t\t\t\t\t\t\t\t<div class=\"elementor-field-type-email elementor-field-group elementor-column elementor-field-group-email elementor-col-50 elementor-field-required\">\n\t\t\t\t\t\t\t\t\t\t\t\t\t<input size=\"1\" type=\"email\" name=\"form_fields[email]\" id=\"form-field-email\" class=\"elementor-field elementor-size-md  elementor-field-textual\" placeholder=\"Email\" required=\"required\">\n\t\t\t\t\t\t\t\t\t\t\t<\/div>\n\t\t\t\t\t\t\t\t<div class=\"elementor-field-type-tel elementor-field-group elementor-column elementor-field-group-field_666c2eb elementor-col-50 elementor-field-required\">\n\t\t\t\t\t\t\t<input size=\"1\" type=\"tel\" name=\"form_fields[field_666c2eb]\" id=\"form-field-field_666c2eb\" class=\"elementor-field elementor-size-md  elementor-field-textual\" placeholder=\"T\u00e9l\u00e9phone\" required=\"required\" pattern=\"[0-9()#&amp;+*-=.]+\" title=\"Seuls les caract\u00e8res de num\u00e9ros de t\u00e9l\u00e9phone (#, -, *, etc.) sont accept\u00e9s.\">\n\n\t\t\t\t\t\t<\/div>\n\t\t\t\t\t\t\t\t<div class=\"elementor-field-type-select elementor-field-group elementor-column elementor-field-group-field_82421a8 elementor-col-100 elementor-field-required\">\n\t\t\t\t\t\t\t\t\t\t\t\t<label for=\"form-field-field_82421a8\" class=\"elementor-field-label\">\n\t\t\t\t\t\t\t\tObjet de la demande\t\t\t\t\t\t\t<\/label>\n\t\t\t\t\t\t\t\t<div class=\"elementor-field elementor-select-wrapper remove-before \">\n\t\t\t<div class=\"select-caret-down-wrapper\">\n\t\t\t\t<svg aria-hidden=\"true\" class=\"e-font-icon-svg e-eicon-caret-down\" viewBox=\"0 0 571.4 571.4\" xmlns=\"http:\/\/www.w3.org\/2000\/svg\"><path d=\"M571 393Q571 407 561 418L311 668Q300 679 286 679T261 668L11 418Q0 407 0 393T11 368 36 357H536Q550 357 561 368T571 393Z\"><\/path><\/svg>\t\t\t<\/div>\n\t\t\t<select name=\"form_fields[field_82421a8]\" id=\"form-field-field_82421a8\" class=\"elementor-field-textual elementor-size-md\" required=\"required\">\n\t\t\t\t\t\t\t\t\t<option value=\"ERP\">ERP<\/option>\n\t\t\t\t\t\t\t\t\t<option value=\"CRM\">CRM<\/option>\n\t\t\t\t\t\t\t\t\t<option value=\"APPLI\">APPLI<\/option>\n\t\t\t\t\t\t\t\t\t<option value=\"Autre\">Autre<\/option>\n\t\t\t\t\t\t\t<\/select>\n\t\t<\/div>\n\t\t\t\t\t\t<\/div>\n\t\t\t\t\t\t\t\t<div class=\"elementor-field-type-textarea elementor-field-group elementor-column elementor-field-group-message elementor-col-100 elementor-field-required\">\n\t\t\t\t\t<textarea class=\"elementor-field-textual elementor-field  elementor-size-md\" name=\"form_fields[message]\" id=\"form-field-message\" rows=\"4\" placeholder=\"Description de votre projet\" required=\"required\"><\/textarea>\t\t\t\t<\/div>\n\t\t\t\t\t\t\t\t<div class=\"elementor-field-type-recaptcha_v3 elementor-field-group elementor-column elementor-field-group-field_6a6b60f elementor-col-100 recaptcha_v3-bottomright\">\n\t\t\t\t\t<div class=\"elementor-field\" id=\"form-field-field_6a6b60f\"><div class=\"elementor-g-recaptcha\" data-sitekey=\"6LcmF5EqAAAAAGRobK2YMR_ZbvCdZSHl8B3NzsqF\" data-type=\"v3\" data-action=\"Form\" data-badge=\"bottomright\" data-size=\"invisible\"><\/div><\/div>\t\t\t\t<\/div>\n\t\t\t\t\t\t\t\t<div class=\"elementor-field-type-text\">\n\t\t\t\t\t<input size=\"1\" type=\"text\" name=\"form_fields[field_74a2bda]\" id=\"form-field-field_74a2bda\" class=\"elementor-field elementor-size-md \" style=\"display:none !important;\">\t\t\t\t<\/div>\n\t\t\t\t\t\t\t\t<div class=\"elementor-field-group elementor-column elementor-field-type-submit elementor-col-100 e-form__buttons\">\n\t\t\t\t\t<button class=\"elementor-button elementor-size-sm\" type=\"submit\">\n\t\t\t\t\t\t<span class=\"elementor-button-content-wrapper\">\n\t\t\t\t\t\t\t\t\t\t\t\t\t\t\t\t\t\t\t\t\t\t<span class=\"elementor-button-text\">Envoyer<\/span>\n\t\t\t\t\t\t\t\t\t\t\t\t\t<\/span>\n\t\t\t\t\t<\/button>\n\t\t\t\t<\/div>\n\t\t\t<\/div>\n\t\t<\/form>\n\t\t\t\t\t\t<\/div>\n\t\t\t\t<\/div>\n\t\t\t\t<\/div>\n\t\t<div class=\"elementor-element elementor-element-55cbb9d2 e-con-full e-flex e-con e-child\" data-id=\"55cbb9d2\" data-element_type=\"container\">\n\t\t<div class=\"elementor-element elementor-element-6827e949 e-con-full e-flex e-con e-child\" data-id=\"6827e949\" data-element_type=\"container\">\n\t\t\t\t<div class=\"elementor-element elementor-element-6365a71b elementor-widget elementor-widget-heading\" data-id=\"6365a71b\" data-element_type=\"widget\" data-widget_type=\"heading.default\">\n\t\t\t\t<div class=\"elementor-widget-container\">\n\t\t\t\t\t<h2 class=\"elementor-heading-title elementor-size-default\">Coordonn\u00e9es<\/h2>\t\t\t\t<\/div>\n\t\t\t\t<\/div>\n\t\t\t\t<div class=\"elementor-element elementor-element-527cc314 elementor-align-left elementor-icon-list--layout-traditional elementor-list-item-link-full_width elementor-widget elementor-widget-icon-list\" data-id=\"527cc314\" data-element_type=\"widget\" data-widget_type=\"icon-list.default\">\n\t\t\t\t<div class=\"elementor-widget-container\">\n\t\t\t\t\t\t\t<ul class=\"elementor-icon-list-items\">\n\t\t\t\t\t\t\t<li class=\"elementor-icon-list-item\">\n\t\t\t\t\t\t\t\t\t\t\t<a href=\"mailto:romain.arnault@gmx.fr\">\n\n\t\t\t\t\t\t\t\t\t\t\t\t<span class=\"elementor-icon-list-icon\">\n\t\t\t\t\t\t\t<i aria-hidden=\"true\" class=\"icon icon-email\"><\/i>\t\t\t\t\t\t<\/span>\n\t\t\t\t\t\t\t\t\t\t<span class=\"elementor-icon-list-text\">romain.arnault@gmx.fr<\/span>\n\t\t\t\t\t\t\t\t\t\t\t<\/a>\n\t\t\t\t\t\t\t\t\t<\/li>\n\t\t\t\t\t\t\t\t<li class=\"elementor-icon-list-item\">\n\t\t\t\t\t\t\t\t\t\t\t<a href=\"tel:0608687170\">\n\n\t\t\t\t\t\t\t\t\t\t\t\t<span class=\"elementor-icon-list-icon\">\n\t\t\t\t\t\t\t<i aria-hidden=\"true\" class=\"icon icon-smartphone\"><\/i>\t\t\t\t\t\t<\/span>\n\t\t\t\t\t\t\t\t\t\t<span class=\"elementor-icon-list-text\">06 08 68 71 70<\/span>\n\t\t\t\t\t\t\t\t\t\t\t<\/a>\n\t\t\t\t\t\t\t\t\t<\/li>\n\t\t\t\t\t\t<\/ul>\n\t\t\t\t\t\t<\/div>\n\t\t\t\t<\/div>\n\t\t\t\t<div class=\"elementor-element elementor-element-6096a00f e-grid-align-left elementor-shape-rounded elementor-grid-0 elementor-widget elementor-widget-social-icons\" data-id=\"6096a00f\" data-element_type=\"widget\" data-widget_type=\"social-icons.default\">\n\t\t\t\t<div class=\"elementor-widget-container\">\n\t\t\t\t\t\t\t<div class=\"elementor-social-icons-wrapper elementor-grid\">\n\t\t\t\t\t\t\t<span class=\"elementor-grid-item\">\n\t\t\t\t\t<a class=\"elementor-icon elementor-social-icon elementor-social-icon-linkedin elementor-repeater-item-4aab02d\" href=\"https:\/\/www.linkedin.com\/in\/romain-arnault\/\" target=\"_blank\">\n\t\t\t\t\t\t<span class=\"elementor-screen-only\">Linkedin<\/span>\n\t\t\t\t\t\t<svg aria-hidden=\"true\" class=\"e-font-icon-svg e-fab-linkedin\" viewBox=\"0 0 448 512\" xmlns=\"http:\/\/www.w3.org\/2000\/svg\"><path d=\"M416 32H31.9C14.3 32 0 46.5 0 64.3v383.4C0 465.5 14.3 480 31.9 480H416c17.6 0 32-14.5 32-32.3V64.3c0-17.8-14.4-32.3-32-32.3zM135.4 416H69V202.2h66.5V416zm-33.2-243c-21.3 0-38.5-17.3-38.5-38.5S80.9 96 102.2 96c21.2 0 38.5 17.3 38.5 38.5 0 21.3-17.2 38.5-38.5 38.5zm282.1 243h-66.4V312c0-24.8-.5-56.7-34.5-56.7-34.6 0-39.9 27-39.9 54.9V416h-66.4V202.2h63.7v29.2h.9c8.9-16.8 30.6-34.5 62.9-34.5 67.2 0 79.7 44.3 79.7 101.9V416z\"><\/path><\/svg>\t\t\t\t\t<\/a>\n\t\t\t\t<\/span>\n\t\t\t\t\t<\/div>\n\t\t\t\t\t\t<\/div>\n\t\t\t\t<\/div>\n\t\t\t\t<\/div>\n\t\t<div class=\"elementor-element elementor-element-1cc81bd3 e-con-full e-flex e-con e-child\" data-id=\"1cc81bd3\" data-element_type=\"container\">\n\t\t\t\t<div class=\"elementor-element elementor-element-4885c22d elementor-widget elementor-widget-heading\" data-id=\"4885c22d\" data-element_type=\"widget\" data-widget_type=\"heading.default\">\n\t\t\t\t<div class=\"elementor-widget-container\">\n\t\t\t\t\t<h4 class=\"elementor-heading-title elementor-size-default\">Adresse<\/h4>\t\t\t\t<\/div>\n\t\t\t\t<\/div>\n\t\t\t\t<div class=\"elementor-element elementor-element-31803c5b elementor-align-left elementor-icon-list--layout-traditional elementor-list-item-link-full_width elementor-widget elementor-widget-icon-list\" data-id=\"31803c5b\" data-element_type=\"widget\" data-widget_type=\"icon-list.default\">\n\t\t\t\t<div class=\"elementor-widget-container\">\n\t\t\t\t\t\t\t<ul class=\"elementor-icon-list-items\">\n\t\t\t\t\t\t\t<li class=\"elementor-icon-list-item\">\n\t\t\t\t\t\t\t\t\t\t\t<a href=\"#\">\n\n\t\t\t\t\t\t\t\t\t\t\t\t<span class=\"elementor-icon-list-icon\">\n\t\t\t\t\t\t\t<svg aria-hidden=\"true\" class=\"e-font-icon-svg e-fas-map-marker-alt\" viewBox=\"0 0 384 512\" xmlns=\"http:\/\/www.w3.org\/2000\/svg\"><path d=\"M172.268 501.67C26.97 291.031 0 269.413 0 192 0 85.961 85.961 0 192 0s192 85.961 192 192c0 77.413-26.97 99.031-172.268 309.67-9.535 13.774-29.93 13.773-39.464 0zM192 272c44.183 0 80-35.817 80-80s-35.817-80-80-80-80 35.817-80 80 35.817 80 80 80z\"><\/path><\/svg>\t\t\t\t\t\t<\/span>\n\t\t\t\t\t\t\t\t\t\t<span class=\"elementor-icon-list-text\">32700 LECTOURE<\/span>\n\t\t\t\t\t\t\t\t\t\t\t<\/a>\n\t\t\t\t\t\t\t\t\t<\/li>\n\t\t\t\t\t\t<\/ul>\n\t\t\t\t\t\t<\/div>\n\t\t\t\t<\/div>\n\t\t\t\t<div class=\"elementor-element elementor-element-8425ea3 elementor-widget elementor-widget-google_maps\" data-id=\"8425ea3\" data-element_type=\"widget\" data-widget_type=\"google_maps.default\">\n\t\t\t\t<div class=\"elementor-widget-container\">\n\t\t\t\t\t\t\t<div class=\"elementor-custom-embed\">\n\t\t\t<iframe loading=\"lazy\"\n\t\t\t\t\tsrc=\"https:\/\/maps.google.com\/maps?q=Lectoure%20gers&#038;t=m&#038;z=10&#038;output=embed&#038;iwloc=near\"\n\t\t\t\t\ttitle=\"Lectoure gers\"\n\t\t\t\t\taria-label=\"Lectoure gers\"\n\t\t\t><\/iframe>\n\t\t<\/div>\n\t\t\t\t\t\t<\/div>\n\t\t\t\t<\/div>\n\t\t\t\t<\/div>\n\t\t\t\t<\/div>\n\t\t\t\t<\/div>\n\t\t\t\t<\/div>\n\t\t","protected":false},"excerpt":{"rendered":"<p>Contactez-moi afin que l&rsquo;on discute de votre projet. <\/p>\n","protected":false},"author":1,"featured_media":451,"parent":0,"menu_order":5,"comment_status":"closed","ping_status":"closed","template":"elementor_header_footer","meta":{"footnotes":""},"class_list":["post-143","page","type-page","status-publish","has-post-thumbnail","hentry"],"yoast_head":"<!-- This site is optimized with the Yoast SEO plugin v26.5 - https:\/\/yoast.com\/wordpress\/plugins\/seo\/ -->\n<title>Contact - Digitalisation autour de l&#039;humain<\/title>\n<meta name=\"description\" content=\"Nous commen\u00e7ons par une \u00e9coute attentive de vos besoins sp\u00e9cifiques pour bien comprendre les enjeux et les objectifs de votre projet.\" \/>\n<meta name=\"robots\" content=\"index, follow, max-snippet:-1, max-image-preview:large, max-video-preview:-1\" \/>\n<link rel=\"canonical\" href=\"https:\/\/romainarnault.fr\/site\/contact\/\" \/>\n<meta property=\"og:locale\" content=\"fr_FR\" \/>\n<meta property=\"og:type\" content=\"article\" \/>\n<meta property=\"og:title\" content=\"Contact - Digitalisation autour de l&#039;humain\" \/>\n<meta property=\"og:description\" content=\"Nous commen\u00e7ons par une \u00e9coute attentive de vos besoins sp\u00e9cifiques pour bien comprendre les enjeux et les objectifs de votre projet.\" \/>\n<meta property=\"og:url\" content=\"https:\/\/romainarnault.fr\/site\/contact\/\" \/>\n<meta property=\"og:site_name\" content=\"Digitalisation autour de l&#039;humain\" \/>\n<meta property=\"article:modified_time\" content=\"2024-12-03T10:58:36+00:00\" \/>\n<meta property=\"og:image\" content=\"https:\/\/romainarnault.fr\/site\/wp-content\/uploads\/2024\/11\/AdobeStock_476051263-scaled.jpeg\" \/>\n\t<meta property=\"og:image:width\" content=\"2560\" \/>\n\t<meta property=\"og:image:height\" content=\"1280\" \/>\n\t<meta property=\"og:image:type\" content=\"image\/jpeg\" \/>\n<meta name=\"twitter:card\" content=\"summary_large_image\" \/>\n<meta name=\"twitter:label1\" content=\"Dur\u00e9e de lecture estim\u00e9e\" \/>\n\t<meta name=\"twitter:data1\" content=\"1 minute\" \/>\n<script type=\"application\/ld+json\" class=\"yoast-schema-graph\">{\"@context\":\"https:\/\/schema.org\",\"@graph\":[{\"@type\":\"WebPage\",\"@id\":\"https:\/\/romainarnault.fr\/site\/contact\/\",\"url\":\"https:\/\/romainarnault.fr\/site\/contact\/\",\"name\":\"Contact - Digitalisation autour de l&#039;humain\",\"isPartOf\":{\"@id\":\"https:\/\/romainarnault.fr\/site\/#website\"},\"primaryImageOfPage\":{\"@id\":\"https:\/\/romainarnault.fr\/site\/contact\/#primaryimage\"},\"image\":{\"@id\":\"https:\/\/romainarnault.fr\/site\/contact\/#primaryimage\"},\"thumbnailUrl\":\"https:\/\/romainarnault.fr\/site\/wp-content\/uploads\/2024\/11\/AdobeStock_476051263-scaled.jpeg\",\"datePublished\":\"2024-11-08T19:54:38+00:00\",\"dateModified\":\"2024-12-03T10:58:36+00:00\",\"description\":\"Nous commen\u00e7ons par une \u00e9coute attentive de vos besoins sp\u00e9cifiques pour bien comprendre les enjeux et les objectifs de votre projet.\",\"breadcrumb\":{\"@id\":\"https:\/\/romainarnault.fr\/site\/contact\/#breadcrumb\"},\"inLanguage\":\"fr-FR\",\"potentialAction\":[{\"@type\":\"ReadAction\",\"target\":[\"https:\/\/romainarnault.fr\/site\/contact\/\"]}]},{\"@type\":\"ImageObject\",\"inLanguage\":\"fr-FR\",\"@id\":\"https:\/\/romainarnault.fr\/site\/contact\/#primaryimage\",\"url\":\"https:\/\/romainarnault.fr\/site\/wp-content\/uploads\/2024\/11\/AdobeStock_476051263-scaled.jpeg\",\"contentUrl\":\"https:\/\/romainarnault.fr\/site\/wp-content\/uploads\/2024\/11\/AdobeStock_476051263-scaled.jpeg\",\"width\":2560,\"height\":1280,\"caption\":\"Ing\u00e9nierie p\u00e9dagogique\"},{\"@type\":\"BreadcrumbList\",\"@id\":\"https:\/\/romainarnault.fr\/site\/contact\/#breadcrumb\",\"itemListElement\":[{\"@type\":\"ListItem\",\"position\":1,\"name\":\"Home\",\"item\":\"https:\/\/romainarnault.fr\/site\/\"},{\"@type\":\"ListItem\",\"position\":2,\"name\":\"Contact\"}]},{\"@type\":\"WebSite\",\"@id\":\"https:\/\/romainarnault.fr\/site\/#website\",\"url\":\"https:\/\/romainarnault.fr\/site\/\",\"name\":\"Digitalisation autour de l'humain\",\"description\":\"\",\"publisher\":{\"@id\":\"https:\/\/romainarnault.fr\/site\/#organization\"},\"potentialAction\":[{\"@type\":\"SearchAction\",\"target\":{\"@type\":\"EntryPoint\",\"urlTemplate\":\"https:\/\/romainarnault.fr\/site\/?s={search_term_string}\"},\"query-input\":{\"@type\":\"PropertyValueSpecification\",\"valueRequired\":true,\"valueName\":\"search_term_string\"}}],\"inLanguage\":\"fr-FR\"},{\"@type\":\"Organization\",\"@id\":\"https:\/\/romainarnault.fr\/site\/#organization\",\"name\":\"Digitalisation autour de l'humain\",\"url\":\"https:\/\/romainarnault.fr\/site\/\",\"logo\":{\"@type\":\"ImageObject\",\"inLanguage\":\"fr-FR\",\"@id\":\"https:\/\/romainarnault.fr\/site\/#\/schema\/logo\/image\/\",\"url\":\"https:\/\/romainarnault.fr\/site\/wp-content\/uploads\/2024\/11\/logo-blanc-vectoriel-1.webp\",\"contentUrl\":\"https:\/\/romainarnault.fr\/site\/wp-content\/uploads\/2024\/11\/logo-blanc-vectoriel-1.webp\",\"width\":1041,\"height\":209,\"caption\":\"Digitalisation autour de l'humain\"},\"image\":{\"@id\":\"https:\/\/romainarnault.fr\/site\/#\/schema\/logo\/image\/\"}}]}<\/script>\n<!-- \/ Yoast SEO plugin. -->","yoast_head_json":{"title":"Contact - Digitalisation autour de l&#039;humain","description":"Nous commen\u00e7ons par une \u00e9coute attentive de vos besoins sp\u00e9cifiques pour bien comprendre les enjeux et les objectifs de votre projet.","robots":{"index":"index","follow":"follow","max-snippet":"max-snippet:-1","max-image-preview":"max-image-preview:large","max-video-preview":"max-video-preview:-1"},"canonical":"https:\/\/romainarnault.fr\/site\/contact\/","og_locale":"fr_FR","og_type":"article","og_title":"Contact - Digitalisation autour de l&#039;humain","og_description":"Nous commen\u00e7ons par une \u00e9coute attentive de vos besoins sp\u00e9cifiques pour bien comprendre les enjeux et les objectifs de votre projet.","og_url":"https:\/\/romainarnault.fr\/site\/contact\/","og_site_name":"Digitalisation autour de l&#039;humain","article_modified_time":"2024-12-03T10:58:36+00:00","og_image":[{"width":2560,"height":1280,"url":"https:\/\/romainarnault.fr\/site\/wp-content\/uploads\/2024\/11\/AdobeStock_476051263-scaled.jpeg","type":"image\/jpeg"}],"twitter_card":"summary_large_image","twitter_misc":{"Dur\u00e9e de lecture estim\u00e9e":"1 minute"},"schema":{"@context":"https:\/\/schema.org","@graph":[{"@type":"WebPage","@id":"https:\/\/romainarnault.fr\/site\/contact\/","url":"https:\/\/romainarnault.fr\/site\/contact\/","name":"Contact - Digitalisation autour de l&#039;humain","isPartOf":{"@id":"https:\/\/romainarnault.fr\/site\/#website"},"primaryImageOfPage":{"@id":"https:\/\/romainarnault.fr\/site\/contact\/#primaryimage"},"image":{"@id":"https:\/\/romainarnault.fr\/site\/contact\/#primaryimage"},"thumbnailUrl":"https:\/\/romainarnault.fr\/site\/wp-content\/uploads\/2024\/11\/AdobeStock_476051263-scaled.jpeg","datePublished":"2024-11-08T19:54:38+00:00","dateModified":"2024-12-03T10:58:36+00:00","description":"Nous commen\u00e7ons par une \u00e9coute attentive de vos besoins sp\u00e9cifiques pour bien comprendre les enjeux et les objectifs de votre projet.","breadcrumb":{"@id":"https:\/\/romainarnault.fr\/site\/contact\/#breadcrumb"},"inLanguage":"fr-FR","potentialAction":[{"@type":"ReadAction","target":["https:\/\/romainarnault.fr\/site\/contact\/"]}]},{"@type":"ImageObject","inLanguage":"fr-FR","@id":"https:\/\/romainarnault.fr\/site\/contact\/#primaryimage","url":"https:\/\/romainarnault.fr\/site\/wp-content\/uploads\/2024\/11\/AdobeStock_476051263-scaled.jpeg","contentUrl":"https:\/\/romainarnault.fr\/site\/wp-content\/uploads\/2024\/11\/AdobeStock_476051263-scaled.jpeg","width":2560,"height":1280,"caption":"Ing\u00e9nierie p\u00e9dagogique"},{"@type":"BreadcrumbList","@id":"https:\/\/romainarnault.fr\/site\/contact\/#breadcrumb","itemListElement":[{"@type":"ListItem","position":1,"name":"Home","item":"https:\/\/romainarnault.fr\/site\/"},{"@type":"ListItem","position":2,"name":"Contact"}]},{"@type":"WebSite","@id":"https:\/\/romainarnault.fr\/site\/#website","url":"https:\/\/romainarnault.fr\/site\/","name":"Digitalisation autour de l'humain","description":"","publisher":{"@id":"https:\/\/romainarnault.fr\/site\/#organization"},"potentialAction":[{"@type":"SearchAction","target":{"@type":"EntryPoint","urlTemplate":"https:\/\/romainarnault.fr\/site\/?s={search_term_string}"},"query-input":{"@type":"PropertyValueSpecification","valueRequired":true,"valueName":"search_term_string"}}],"inLanguage":"fr-FR"},{"@type":"Organization","@id":"https:\/\/romainarnault.fr\/site\/#organization","name":"Digitalisation autour de l'humain","url":"https:\/\/romainarnault.fr\/site\/","logo":{"@type":"ImageObject","inLanguage":"fr-FR","@id":"https:\/\/romainarnault.fr\/site\/#\/schema\/logo\/image\/","url":"https:\/\/romainarnault.fr\/site\/wp-content\/uploads\/2024\/11\/logo-blanc-vectoriel-1.webp","contentUrl":"https:\/\/romainarnault.fr\/site\/wp-content\/uploads\/2024\/11\/logo-blanc-vectoriel-1.webp","width":1041,"height":209,"caption":"Digitalisation autour de l'humain"},"image":{"@id":"https:\/\/romainarnault.fr\/site\/#\/schema\/logo\/image\/"}}]}},"_links":{"self":[{"href":"https:\/\/romainarnault.fr\/site\/wp-json\/wp\/v2\/pages\/143","targetHints":{"allow":["GET"]}}],"collection":[{"href":"https:\/\/romainarnault.fr\/site\/wp-json\/wp\/v2\/pages"}],"about":[{"href":"https:\/\/romainarnault.fr\/site\/wp-json\/wp\/v2\/types\/page"}],"author":[{"embeddable":true,"href":"https:\/\/romainarnault.fr\/site\/wp-json\/wp\/v2\/users\/1"}],"replies":[{"embeddable":true,"href":"https:\/\/romainarnault.fr\/site\/wp-json\/wp\/v2\/comments?post=143"}],"version-history":[{"count":5,"href":"https:\/\/romainarnault.fr\/site\/wp-json\/wp\/v2\/pages\/143\/revisions"}],"predecessor-version":[{"id":641,"href":"https:\/\/romainarnault.fr\/site\/wp-json\/wp\/v2\/pages\/143\/revisions\/641"}],"wp:featuredmedia":[{"embeddable":true,"href":"https:\/\/romainarnault.fr\/site\/wp-json\/wp\/v2\/media\/451"}],"wp:attachment":[{"href":"https:\/\/romainarnault.fr\/site\/wp-json\/wp\/v2\/media?parent=143"}],"curies":[{"name":"wp","href":"https:\/\/api.w.org\/{rel}","templated":true}]}}