{"id":461,"date":"2024-11-29T10:06:43","date_gmt":"2024-11-29T09:06:43","guid":{"rendered":"https:\/\/digitalisation.c-come.fr\/?page_id=461"},"modified":"2024-12-03T11:59:27","modified_gmt":"2024-12-03T10:59:27","slug":"politique-de-confidentialite","status":"publish","type":"page","link":"https:\/\/romainarnault.fr\/site\/politique-de-confidentialite\/","title":{"rendered":"Politique de confidentialit\u00e9"},"content":{"rendered":"\t\t<div data-elementor-type=\"wp-page\" data-elementor-id=\"461\" class=\"elementor elementor-461\" data-elementor-post-type=\"page\">\n\t\t\t\t<div class=\"elementor-element elementor-element-153a162 e-con-full e-flex e-con e-parent\" data-id=\"153a162\" data-element_type=\"container\" data-settings=\"{&quot;background_background&quot;:&quot;gradient&quot;,&quot;background_motion_fx_translateX_effect&quot;:&quot;yes&quot;,&quot;background_motion_fx_translateX_speed&quot;:{&quot;unit&quot;:&quot;px&quot;,&quot;size&quot;:6.5,&quot;sizes&quot;:[]},&quot;background_motion_fx_translateX_affectedRange&quot;:{&quot;unit&quot;:&quot;%&quot;,&quot;size&quot;:&quot;&quot;,&quot;sizes&quot;:{&quot;start&quot;:0,&quot;end&quot;:100}},&quot;background_motion_fx_devices&quot;:[&quot;desktop&quot;,&quot;laptop&quot;,&quot;tablet&quot;,&quot;mobile&quot;]}\">\n\t\t<div class=\"elementor-element elementor-element-c6457f1 e-flex e-con-boxed elementor-invisible e-con e-child\" data-id=\"c6457f1\" data-element_type=\"container\" data-settings=\"{&quot;animation&quot;:&quot;slideInUp&quot;,&quot;animation_delay&quot;:150}\">\n\t\t\t\t\t<div class=\"e-con-inner\">\n\t\t\t\t<div class=\"elementor-element elementor-element-1f75df9 elementor-widget elementor-widget-heading\" data-id=\"1f75df9\" data-element_type=\"widget\" data-widget_type=\"heading.default\">\n\t\t\t\t<div class=\"elementor-widget-container\">\n\t\t\t\t\t<h1 class=\"elementor-heading-title elementor-size-default\">Politique de Confidentialit\u00e9\n<\/h1>\t\t\t\t<\/div>\n\t\t\t\t<\/div>\n\t\t\t\t\t<\/div>\n\t\t\t\t<\/div>\n\t\t\t\t<\/div>\n\t\t<div class=\"elementor-element elementor-element-8179822 e-flex e-con-boxed e-con e-parent\" data-id=\"8179822\" data-element_type=\"container\">\n\t\t\t\t\t<div class=\"e-con-inner\">\n\t\t\t\t<div class=\"elementor-element elementor-element-521516a elementor-widget elementor-widget-text-editor\" data-id=\"521516a\" data-element_type=\"widget\" data-widget_type=\"text-editor.default\">\n\t\t\t\t<div class=\"elementor-widget-container\">\n\t\t\t\t\t\t\t\t\t<h2><strong>Collecte des donn\u00e9es personnelles<\/strong><\/h2><p>Dans le cadre de l&rsquo;utilisation de ce site, nous collectons les donn\u00e9es suivantes via le formulaire de contact :<\/p><ul><li><strong>Nom<\/strong><\/li><li><strong>Pr\u00e9nom<\/strong><\/li><li><strong>E-mail<\/strong><\/li><li><strong>T\u00e9l\u00e9phone<\/strong><\/li><li><strong>Objet de la demande<\/strong><\/li><li><strong>Description du projet<\/strong><\/li><\/ul><p>Ces donn\u00e9es sont collect\u00e9es uniquement dans le but de r\u00e9pondre \u00e0 vos demandes et d\u2019assurer un suivi ad\u00e9quat.<\/p><h2><strong>Utilisation des donn\u00e9es<\/strong><\/h2><p>Les donn\u00e9es personnelles collect\u00e9es sont utilis\u00e9es exclusivement pour :<\/p><ul><li>R\u00e9pondre \u00e0 vos demandes de contact.<\/li><li>Vous fournir des informations ou des services sp\u00e9cifiques selon vos besoins.<\/li><li>Communiquer avec vous dans le cadre d\u2019un projet ou d\u2019un \u00e9change d\u2019informations.<\/li><\/ul><h2><strong>Dur\u00e9e de conservation des donn\u00e9es<\/strong><\/h2><p>Vos donn\u00e9es personnelles sont conserv\u00e9es pour une dur\u00e9e maximale de 2 ans \u00e0 compter du dernier \u00e9change, sauf obligation l\u00e9gale ou demande de suppression de votre part.<\/p><h2><strong>Partage des donn\u00e9es<\/strong><\/h2><p>Vos donn\u00e9es personnelles ne seront jamais vendues, lou\u00e9es ou c\u00e9d\u00e9es \u00e0 des tiers sans votre consentement explicite, sauf si cela est requis par la loi.<\/p><h2><strong>Vos droits<\/strong><\/h2><p>Conform\u00e9ment au\u00a0<strong>R\u00e8glement G\u00e9n\u00e9ral sur la Protection des Donn\u00e9es (RGPD)<\/strong>, vous disposez des droits suivants :<\/p><ul><li><strong>Droit d\u2019acc\u00e8s<\/strong>\u00a0: Vous pouvez demander une copie des donn\u00e9es que nous d\u00e9tenons sur vous.<\/li><li><strong>Droit de rectification<\/strong>\u00a0: Vous pouvez demander \u00e0 corriger des donn\u00e9es inexactes ou incompl\u00e8tes.<\/li><li><strong>Droit \u00e0 l\u2019effacement<\/strong>\u00a0: Vous pouvez demander la suppression de vos donn\u00e9es.<\/li><li><strong>Droit \u00e0 la portabilit\u00e9<\/strong>\u00a0: Vous pouvez demander \u00e0 r\u00e9cup\u00e9rer vos donn\u00e9es dans un format structur\u00e9.<\/li><li><strong>Droit d\u2019opposition<\/strong>\u00a0: Vous pouvez vous opposer \u00e0 l\u2019utilisation de vos donn\u00e9es.<\/li><\/ul><p>Pour exercer ces droits, veuillez nous contacter \u00e0 l\u2019adresse suivante :\u00a0<strong><a rel=\"noopener\">romain.arnault@gmx.fr<\/a><\/strong><\/p><h2><strong>Cookies<\/strong><\/h2><p>Le site utilise des cookies pour am\u00e9liorer votre exp\u00e9rience utilisateur. Ces cookies permettent de :<\/p><ul><li>Analyser l\u2019utilisation du site pour mieux r\u00e9pondre \u00e0 vos besoins.<\/li><li>Optimiser les fonctionnalit\u00e9s et le contenu.<\/li><\/ul><p>Vous pouvez d\u00e9sactiver les cookies via les param\u00e8tres de votre navigateur.<\/p><h2><strong>S\u00e9curit\u00e9 des donn\u00e9es<\/strong><\/h2><p>Nous mettons en \u0153uvre toutes les mesures n\u00e9cessaires pour prot\u00e9ger vos donn\u00e9es personnelles contre tout acc\u00e8s non autoris\u00e9, modification, divulgation ou destruction.<\/p><h2><strong>Contact<\/strong><\/h2><p>Pour toute question relative \u00e0 cette politique de confidentialit\u00e9, vous pouvez nous \u00e9crire \u00e0 :\u00a0<strong><a rel=\"noopener\">romain.arnault@gmx.fr<\/a><\/strong><\/p><p>Nous nous r\u00e9servons le droit de modifier cette politique de confidentialit\u00e9 \u00e0 tout moment. Veuillez la consulter r\u00e9guli\u00e8rement pour rester inform\u00e9.<\/p>\t\t\t\t\t\t\t\t<\/div>\n\t\t\t\t<\/div>\n\t\t\t\t\t<\/div>\n\t\t\t\t<\/div>\n\t\t\t\t<\/div>\n\t\t","protected":false},"excerpt":{"rendered":"<p>Politique de Confidentialit\u00e9 Collecte des donn\u00e9es personnelles Dans le cadre de l&rsquo;utilisation de ce site, nous collectons les donn\u00e9es suivantes via le formulaire de contact : Nom Pr\u00e9nom E-mail T\u00e9l\u00e9phone Objet de la demande Description du projet Ces donn\u00e9es sont collect\u00e9es uniquement dans le but de r\u00e9pondre \u00e0 vos demandes et d\u2019assurer un suivi ad\u00e9quat. [&hellip;]<\/p>\n","protected":false},"author":1,"featured_media":0,"parent":0,"menu_order":7,"comment_status":"closed","ping_status":"closed","template":"","meta":{"footnotes":""},"class_list":["post-461","page","type-page","status-publish","hentry"],"yoast_head":"<!-- This site is optimized with the Yoast SEO plugin v26.5 - https:\/\/yoast.com\/wordpress\/plugins\/seo\/ -->\n<title>Politique de confidentialit\u00e9 - Digitalisation autour de l&#039;humain<\/title>\n<meta name=\"robots\" content=\"index, follow, max-snippet:-1, max-image-preview:large, max-video-preview:-1\" \/>\n<link rel=\"canonical\" href=\"https:\/\/romainarnault.fr\/site\/politique-de-confidentialite\/\" \/>\n<meta property=\"og:locale\" content=\"fr_FR\" \/>\n<meta property=\"og:type\" content=\"article\" \/>\n<meta property=\"og:title\" content=\"Politique de confidentialit\u00e9 - Digitalisation autour de l&#039;humain\" \/>\n<meta property=\"og:description\" content=\"Politique de Confidentialit\u00e9 Collecte des donn\u00e9es personnelles Dans le cadre de l&rsquo;utilisation de ce site, nous collectons les donn\u00e9es suivantes via le formulaire de contact : Nom Pr\u00e9nom E-mail T\u00e9l\u00e9phone Objet de la demande Description du projet Ces donn\u00e9es sont collect\u00e9es uniquement dans le but de r\u00e9pondre \u00e0 vos demandes et d\u2019assurer un suivi ad\u00e9quat. [&hellip;]\" \/>\n<meta property=\"og:url\" content=\"https:\/\/romainarnault.fr\/site\/politique-de-confidentialite\/\" \/>\n<meta property=\"og:site_name\" content=\"Digitalisation autour de l&#039;humain\" \/>\n<meta property=\"article:modified_time\" content=\"2024-12-03T10:59:27+00:00\" \/>\n<meta name=\"twitter:card\" content=\"summary_large_image\" \/>\n<meta name=\"twitter:label1\" content=\"Dur\u00e9e de lecture estim\u00e9e\" \/>\n\t<meta name=\"twitter:data1\" content=\"2 minutes\" \/>\n<script type=\"application\/ld+json\" class=\"yoast-schema-graph\">{\"@context\":\"https:\/\/schema.org\",\"@graph\":[{\"@type\":\"WebPage\",\"@id\":\"https:\/\/romainarnault.fr\/site\/politique-de-confidentialite\/\",\"url\":\"https:\/\/romainarnault.fr\/site\/politique-de-confidentialite\/\",\"name\":\"Politique de confidentialit\u00e9 - Digitalisation autour de l&#039;humain\",\"isPartOf\":{\"@id\":\"https:\/\/romainarnault.fr\/site\/#website\"},\"datePublished\":\"2024-11-29T09:06:43+00:00\",\"dateModified\":\"2024-12-03T10:59:27+00:00\",\"breadcrumb\":{\"@id\":\"https:\/\/romainarnault.fr\/site\/politique-de-confidentialite\/#breadcrumb\"},\"inLanguage\":\"fr-FR\",\"potentialAction\":[{\"@type\":\"ReadAction\",\"target\":[\"https:\/\/romainarnault.fr\/site\/politique-de-confidentialite\/\"]}]},{\"@type\":\"BreadcrumbList\",\"@id\":\"https:\/\/romainarnault.fr\/site\/politique-de-confidentialite\/#breadcrumb\",\"itemListElement\":[{\"@type\":\"ListItem\",\"position\":1,\"name\":\"Home\",\"item\":\"https:\/\/romainarnault.fr\/site\/\"},{\"@type\":\"ListItem\",\"position\":2,\"name\":\"Politique de confidentialit\u00e9\"}]},{\"@type\":\"WebSite\",\"@id\":\"https:\/\/romainarnault.fr\/site\/#website\",\"url\":\"https:\/\/romainarnault.fr\/site\/\",\"name\":\"Digitalisation autour de l'humain\",\"description\":\"\",\"publisher\":{\"@id\":\"https:\/\/romainarnault.fr\/site\/#organization\"},\"potentialAction\":[{\"@type\":\"SearchAction\",\"target\":{\"@type\":\"EntryPoint\",\"urlTemplate\":\"https:\/\/romainarnault.fr\/site\/?s={search_term_string}\"},\"query-input\":{\"@type\":\"PropertyValueSpecification\",\"valueRequired\":true,\"valueName\":\"search_term_string\"}}],\"inLanguage\":\"fr-FR\"},{\"@type\":\"Organization\",\"@id\":\"https:\/\/romainarnault.fr\/site\/#organization\",\"name\":\"Digitalisation autour de l'humain\",\"url\":\"https:\/\/romainarnault.fr\/site\/\",\"logo\":{\"@type\":\"ImageObject\",\"inLanguage\":\"fr-FR\",\"@id\":\"https:\/\/romainarnault.fr\/site\/#\/schema\/logo\/image\/\",\"url\":\"https:\/\/romainarnault.fr\/site\/wp-content\/uploads\/2024\/11\/logo-blanc-vectoriel-1.webp\",\"contentUrl\":\"https:\/\/romainarnault.fr\/site\/wp-content\/uploads\/2024\/11\/logo-blanc-vectoriel-1.webp\",\"width\":1041,\"height\":209,\"caption\":\"Digitalisation autour de l'humain\"},\"image\":{\"@id\":\"https:\/\/romainarnault.fr\/site\/#\/schema\/logo\/image\/\"}}]}<\/script>\n<!-- \/ Yoast SEO plugin. -->","yoast_head_json":{"title":"Politique de confidentialit\u00e9 - Digitalisation autour de l&#039;humain","robots":{"index":"index","follow":"follow","max-snippet":"max-snippet:-1","max-image-preview":"max-image-preview:large","max-video-preview":"max-video-preview:-1"},"canonical":"https:\/\/romainarnault.fr\/site\/politique-de-confidentialite\/","og_locale":"fr_FR","og_type":"article","og_title":"Politique de confidentialit\u00e9 - Digitalisation autour de l&#039;humain","og_description":"Politique de Confidentialit\u00e9 Collecte des donn\u00e9es personnelles Dans le cadre de l&rsquo;utilisation de ce site, nous collectons les donn\u00e9es suivantes via le formulaire de contact : Nom Pr\u00e9nom E-mail T\u00e9l\u00e9phone Objet de la demande Description du projet Ces donn\u00e9es sont collect\u00e9es uniquement dans le but de r\u00e9pondre \u00e0 vos demandes et d\u2019assurer un suivi ad\u00e9quat. [&hellip;]","og_url":"https:\/\/romainarnault.fr\/site\/politique-de-confidentialite\/","og_site_name":"Digitalisation autour de l&#039;humain","article_modified_time":"2024-12-03T10:59:27+00:00","twitter_card":"summary_large_image","twitter_misc":{"Dur\u00e9e de lecture estim\u00e9e":"2 minutes"},"schema":{"@context":"https:\/\/schema.org","@graph":[{"@type":"WebPage","@id":"https:\/\/romainarnault.fr\/site\/politique-de-confidentialite\/","url":"https:\/\/romainarnault.fr\/site\/politique-de-confidentialite\/","name":"Politique de confidentialit\u00e9 - Digitalisation autour de l&#039;humain","isPartOf":{"@id":"https:\/\/romainarnault.fr\/site\/#website"},"datePublished":"2024-11-29T09:06:43+00:00","dateModified":"2024-12-03T10:59:27+00:00","breadcrumb":{"@id":"https:\/\/romainarnault.fr\/site\/politique-de-confidentialite\/#breadcrumb"},"inLanguage":"fr-FR","potentialAction":[{"@type":"ReadAction","target":["https:\/\/romainarnault.fr\/site\/politique-de-confidentialite\/"]}]},{"@type":"BreadcrumbList","@id":"https:\/\/romainarnault.fr\/site\/politique-de-confidentialite\/#breadcrumb","itemListElement":[{"@type":"ListItem","position":1,"name":"Home","item":"https:\/\/romainarnault.fr\/site\/"},{"@type":"ListItem","position":2,"name":"Politique de confidentialit\u00e9"}]},{"@type":"WebSite","@id":"https:\/\/romainarnault.fr\/site\/#website","url":"https:\/\/romainarnault.fr\/site\/","name":"Digitalisation autour de l'humain","description":"","publisher":{"@id":"https:\/\/romainarnault.fr\/site\/#organization"},"potentialAction":[{"@type":"SearchAction","target":{"@type":"EntryPoint","urlTemplate":"https:\/\/romainarnault.fr\/site\/?s={search_term_string}"},"query-input":{"@type":"PropertyValueSpecification","valueRequired":true,"valueName":"search_term_string"}}],"inLanguage":"fr-FR"},{"@type":"Organization","@id":"https:\/\/romainarnault.fr\/site\/#organization","name":"Digitalisation autour de l'humain","url":"https:\/\/romainarnault.fr\/site\/","logo":{"@type":"ImageObject","inLanguage":"fr-FR","@id":"https:\/\/romainarnault.fr\/site\/#\/schema\/logo\/image\/","url":"https:\/\/romainarnault.fr\/site\/wp-content\/uploads\/2024\/11\/logo-blanc-vectoriel-1.webp","contentUrl":"https:\/\/romainarnault.fr\/site\/wp-content\/uploads\/2024\/11\/logo-blanc-vectoriel-1.webp","width":1041,"height":209,"caption":"Digitalisation autour de l'humain"},"image":{"@id":"https:\/\/romainarnault.fr\/site\/#\/schema\/logo\/image\/"}}]}},"_links":{"self":[{"href":"https:\/\/romainarnault.fr\/site\/wp-json\/wp\/v2\/pages\/461","targetHints":{"allow":["GET"]}}],"collection":[{"href":"https:\/\/romainarnault.fr\/site\/wp-json\/wp\/v2\/pages"}],"about":[{"href":"https:\/\/romainarnault.fr\/site\/wp-json\/wp\/v2\/types\/page"}],"author":[{"embeddable":true,"href":"https:\/\/romainarnault.fr\/site\/wp-json\/wp\/v2\/users\/1"}],"replies":[{"embeddable":true,"href":"https:\/\/romainarnault.fr\/site\/wp-json\/wp\/v2\/comments?post=461"}],"version-history":[{"count":5,"href":"https:\/\/romainarnault.fr\/site\/wp-json\/wp\/v2\/pages\/461\/revisions"}],"predecessor-version":[{"id":644,"href":"https:\/\/romainarnault.fr\/site\/wp-json\/wp\/v2\/pages\/461\/revisions\/644"}],"wp:attachment":[{"href":"https:\/\/romainarnault.fr\/site\/wp-json\/wp\/v2\/media?parent=461"}],"curies":[{"name":"wp","href":"https:\/\/api.w.org\/{rel}","templated":true}]}}